{"id":1020,"date":"2023-08-02T17:53:50","date_gmt":"2023-08-02T15:53:50","guid":{"rendered":"https:\/\/akkart-decobois.com\/?page_id=1020"},"modified":"2023-09-22T12:03:32","modified_gmt":"2023-09-22T10:03:32","slug":"luminaire-bois-flotte-triple-led-zz","status":"publish","type":"page","link":"https:\/\/akkart-decobois.com\/index.php\/luminaire-bois-flotte-triple-led-zz\/","title":{"rendered":"LUMINAIRE BOIS FLOTTE TRIPLE LED ZZ"},"content":{"rendered":"\t\t<div data-elementor-type=\"wp-page\" data-elementor-id=\"1020\" class=\"elementor elementor-1020\">\n\t\t\t\t\t\t<section class=\"elementor-section elementor-top-section elementor-element elementor-element-db272cd elementor-section-boxed elementor-section-height-default elementor-section-height-default\" data-id=\"db272cd\" data-element_type=\"section\">\n\t\t\t\t\t\t<div class=\"elementor-container elementor-column-gap-default\">\n\t\t\t\t\t<div class=\"elementor-column elementor-col-33 elementor-top-column elementor-element elementor-element-c60a50d\" data-id=\"c60a50d\" data-element_type=\"column\">\n\t\t\t<div class=\"elementor-widget-wrap elementor-element-populated\">\n\t\t\t\t\t\t<div class=\"elementor-element elementor-element-644ade3 elementor-widget elementor-widget-image\" data-id=\"644ade3\" data-element_type=\"widget\" data-widget_type=\"image.default\">\n\t\t\t\t<div class=\"elementor-widget-container\">\n\t\t\t\t\t\t\t\t\t\t\t\t\t\t\t<img decoding=\"async\" src=\"http:\/\/akkart-decobois.com\/wp-content\/uploads\/2023\/08\/20210809_202951-scaled.jpg\" title=\"\" alt=\"\" loading=\"lazy\" \/>\t\t\t\t\t\t\t\t\t\t\t\t\t\t\t<\/div>\n\t\t\t\t<\/div>\n\t\t\t\t\t<\/div>\n\t\t<\/div>\n\t\t\t\t<div class=\"elementor-column elementor-col-33 elementor-top-column elementor-element elementor-element-a7327ee\" data-id=\"a7327ee\" data-element_type=\"column\">\n\t\t\t<div class=\"elementor-widget-wrap elementor-element-populated\">\n\t\t\t\t\t\t<div class=\"elementor-element elementor-element-09e8c42 elementor-widget elementor-widget-image\" data-id=\"09e8c42\" data-element_type=\"widget\" data-widget_type=\"image.default\">\n\t\t\t\t<div class=\"elementor-widget-container\">\n\t\t\t\t\t\t\t\t\t\t\t\t\t\t\t<img fetchpriority=\"high\" decoding=\"async\" width=\"498\" height=\"1024\" src=\"https:\/\/akkart-decobois.com\/wp-content\/uploads\/2023\/08\/20210809_203051-498x1024.jpg\" class=\"attachment-large size-large wp-image-1024\" alt=\"\" srcset=\"https:\/\/akkart-decobois.com\/wp-content\/uploads\/2023\/08\/20210809_203051-498x1024.jpg 498w, https:\/\/akkart-decobois.com\/wp-content\/uploads\/2023\/08\/20210809_203051-146x300.jpg 146w, https:\/\/akkart-decobois.com\/wp-content\/uploads\/2023\/08\/20210809_203051-768x1580.jpg 768w, https:\/\/akkart-decobois.com\/wp-content\/uploads\/2023\/08\/20210809_203051-747x1536.jpg 747w, https:\/\/akkart-decobois.com\/wp-content\/uploads\/2023\/08\/20210809_203051-996x2048.jpg 996w, https:\/\/akkart-decobois.com\/wp-content\/uploads\/2023\/08\/20210809_203051-scaled.jpg 1244w\" sizes=\"(max-width: 498px) 100vw, 498px\" \/>\t\t\t\t\t\t\t\t\t\t\t\t\t\t\t<\/div>\n\t\t\t\t<\/div>\n\t\t\t\t\t<\/div>\n\t\t<\/div>\n\t\t\t\t<div class=\"elementor-column elementor-col-33 elementor-top-column elementor-element elementor-element-1387288\" data-id=\"1387288\" data-element_type=\"column\">\n\t\t\t<div class=\"elementor-widget-wrap elementor-element-populated\">\n\t\t\t\t\t\t<div class=\"elementor-element elementor-element-ab32d15 elementor-widget elementor-widget-image\" data-id=\"ab32d15\" data-element_type=\"widget\" data-widget_type=\"image.default\">\n\t\t\t\t<div class=\"elementor-widget-container\">\n\t\t\t\t\t\t\t\t\t\t\t\t\t\t\t<img decoding=\"async\" width=\"498\" height=\"1024\" src=\"https:\/\/akkart-decobois.com\/wp-content\/uploads\/2023\/08\/20210809_203211-498x1024.jpg\" class=\"attachment-large size-large wp-image-1025\" alt=\"\" srcset=\"https:\/\/akkart-decobois.com\/wp-content\/uploads\/2023\/08\/20210809_203211-498x1024.jpg 498w, https:\/\/akkart-decobois.com\/wp-content\/uploads\/2023\/08\/20210809_203211-146x300.jpg 146w, https:\/\/akkart-decobois.com\/wp-content\/uploads\/2023\/08\/20210809_203211-768x1580.jpg 768w, https:\/\/akkart-decobois.com\/wp-content\/uploads\/2023\/08\/20210809_203211-747x1536.jpg 747w, https:\/\/akkart-decobois.com\/wp-content\/uploads\/2023\/08\/20210809_203211-996x2048.jpg 996w, https:\/\/akkart-decobois.com\/wp-content\/uploads\/2023\/08\/20210809_203211-scaled.jpg 1244w\" sizes=\"(max-width: 498px) 100vw, 498px\" \/>\t\t\t\t\t\t\t\t\t\t\t\t\t\t\t<\/div>\n\t\t\t\t<\/div>\n\t\t\t\t\t<\/div>\n\t\t<\/div>\n\t\t\t\t\t<\/div>\n\t\t<\/section>\n\t\t\t\t<section class=\"elementor-section elementor-top-section elementor-element elementor-element-2bf2c2c elementor-section-boxed elementor-section-height-default elementor-section-height-default\" data-id=\"2bf2c2c\" data-element_type=\"section\">\n\t\t\t\t\t\t<div class=\"elementor-container elementor-column-gap-default\">\n\t\t\t\t\t<div class=\"elementor-column elementor-col-100 elementor-top-column elementor-element elementor-element-da428a1\" data-id=\"da428a1\" data-element_type=\"column\">\n\t\t\t<div class=\"elementor-widget-wrap elementor-element-populated\">\n\t\t\t\t\t\t<div class=\"elementor-element elementor-element-28b7b92 elementor-widget elementor-widget-text-editor\" data-id=\"28b7b92\" data-element_type=\"widget\" data-widget_type=\"text-editor.default\">\n\t\t\t\t<div class=\"elementor-widget-container\">\n\t\t\t\t\t\t\t\t\t<p><strong>LUMINAIRE DE CHARME EN BOIS FLOTTE<\/strong> du Languedoc d\u00e9cor\u00e9 \u00e0 la feuille d\u2019Or.<\/p><p>\u00a0Il est sign\u00e9 sur le socle de mon nom d&rsquo;artiste &#8211; <strong>YKE N\u00b0III (3) <\/strong>en Pyrogravure <strong>980 \u20ac TTC<\/strong><strong>. <\/strong>Enti\u00e8rement fait main, exemplaire unique. <strong><span style=\"color: #ff0000;\">VENDU.<\/span><\/strong><\/p><p><strong>Composition :<\/strong> Le bois est soigneusement nettoy\u00e9, trait\u00e9 anti-insectes\/parasites et verni mat puis dor\u00e9 \u00e0 la main \u00e0 la feuille d&rsquo;or et d\u00e9cor\u00e9 de faisceaux de plumes naturelles, fil de cuivre, lani\u00e8re de cuir, perles dor\u00e9es.<\/p><p>L\u2019\u00e9clairage LED \u00e0 3 ampoules g\u00e9antes est pourvu de c\u00e2ble \u00e9lectrique ins\u00e9r\u00e9 dans de la corde du meilleur effet. Interrupteur inclus.<\/p><p>Le socle est en pin Douglas canadien de Haute Corr\u00e8ze enti\u00e8rement r\u00e9alis\u00e9 \u00e0 la main, trait\u00e9, d\u00e9cor\u00e9 en pyrogravure puis vernis et dor\u00e9 par endroits \u00e0 la feuille d&rsquo;or.<\/p><p>Le tronc est ins\u00e9r\u00e9 sur un tube de cuivre de 10 mm de diam\u00e8tre lui-m\u00eame inclus dans le socle.<\/p><p>Le socle a n\u00e9cessit\u00e9 3,30 heures de travail en d\u00e9fon\u00e7age, pon\u00e7age, polissage, vernissage, per\u00e7age et dorure.<\/p><p>Le bois flott\u00e9 a fait l&rsquo;objet d&rsquo;environ 4 h de traitement et de pon\u00e7age jusqu&rsquo;au 1000, puis de 20 h pour le d\u00e9corer.<\/p><p>Montage\/assemblage\/r\u00e9glage 3 jours.<\/p><p><strong>Hauteur 1,32 m, largeur 0,75 m, diam\u00e8tre socle 0,35 m<\/strong><\/p>\t\t\t\t\t\t\t\t<\/div>\n\t\t\t\t<\/div>\n\t\t\t\t\t<\/div>\n\t\t<\/div>\n\t\t\t\t\t<\/div>\n\t\t<\/section>\n\t\t\t\t<\/div>\n\t\t","protected":false},"excerpt":{"rendered":"<p>LUMINAIRE DE CHARME EN BOIS FLOTTE du Languedoc d\u00e9cor\u00e9 \u00e0 la feuille d\u2019Or. \u00a0Il est sign\u00e9 sur le socle de mon nom d&rsquo;artiste &#8211; YKE N\u00b0III (3) en Pyrogravure 980 \u20ac TTC. Enti\u00e8rement fait main, exemplaire unique. VENDU. Composition : Le bois est soigneusement nettoy\u00e9, trait\u00e9 anti-insectes\/parasites et verni mat puis dor\u00e9 \u00e0 la main [&hellip;]<\/p>\n","protected":false},"author":1,"featured_media":0,"parent":0,"menu_order":0,"comment_status":"closed","ping_status":"closed","template":"","meta":{"ocean_post_layout":"","ocean_both_sidebars_style":"","ocean_both_sidebars_content_width":0,"ocean_both_sidebars_sidebars_width":0,"ocean_sidebar":"0","ocean_second_sidebar":"0","ocean_disable_margins":"enable","ocean_add_body_class":"","ocean_shortcode_before_top_bar":"","ocean_shortcode_after_top_bar":"","ocean_shortcode_before_header":"","ocean_shortcode_after_header":"","ocean_has_shortcode":"","ocean_shortcode_after_title":"","ocean_shortcode_before_footer_widgets":"","ocean_shortcode_after_footer_widgets":"","ocean_shortcode_before_footer_bottom":"","ocean_shortcode_after_footer_bottom":"","ocean_display_top_bar":"default","ocean_display_header":"default","ocean_header_style":"","ocean_center_header_left_menu":"0","ocean_custom_header_template":"0","ocean_custom_logo":0,"ocean_custom_retina_logo":0,"ocean_custom_logo_max_width":0,"ocean_custom_logo_tablet_max_width":0,"ocean_custom_logo_mobile_max_width":0,"ocean_custom_logo_max_height":0,"ocean_custom_logo_tablet_max_height":0,"ocean_custom_logo_mobile_max_height":0,"ocean_header_custom_menu":"0","ocean_menu_typo_font_family":"0","ocean_menu_typo_font_subset":"","ocean_menu_typo_font_size":0,"ocean_menu_typo_font_size_tablet":0,"ocean_menu_typo_font_size_mobile":0,"ocean_menu_typo_font_size_unit":"px","ocean_menu_typo_font_weight":"","ocean_menu_typo_font_weight_tablet":"","ocean_menu_typo_font_weight_mobile":"","ocean_menu_typo_transform":"","ocean_menu_typo_transform_tablet":"","ocean_menu_typo_transform_mobile":"","ocean_menu_typo_line_height":0,"ocean_menu_typo_line_height_tablet":0,"ocean_menu_typo_line_height_mobile":0,"ocean_menu_typo_line_height_unit":"","ocean_menu_typo_spacing":0,"ocean_menu_typo_spacing_tablet":0,"ocean_menu_typo_spacing_mobile":0,"ocean_menu_typo_spacing_unit":"","ocean_menu_link_color":"","ocean_menu_link_color_hover":"","ocean_menu_link_color_active":"","ocean_menu_link_background":"","ocean_menu_link_hover_background":"","ocean_menu_link_active_background":"","ocean_menu_social_links_bg":"","ocean_menu_social_hover_links_bg":"","ocean_menu_social_links_color":"","ocean_menu_social_hover_links_color":"","ocean_disable_title":"default","ocean_disable_heading":"default","ocean_post_title":"","ocean_post_subheading":"","ocean_post_title_style":"","ocean_post_title_background_color":"","ocean_post_title_background":0,"ocean_post_title_bg_image_position":"","ocean_post_title_bg_image_attachment":"","ocean_post_title_bg_image_repeat":"","ocean_post_title_bg_image_size":"","ocean_post_title_height":0,"ocean_post_title_bg_overlay":0.5,"ocean_post_title_bg_overlay_color":"","ocean_disable_breadcrumbs":"default","ocean_breadcrumbs_color":"","ocean_breadcrumbs_separator_color":"","ocean_breadcrumbs_links_color":"","ocean_breadcrumbs_links_hover_color":"","ocean_display_footer_widgets":"default","ocean_display_footer_bottom":"default","ocean_custom_footer_template":"0","footnotes":""},"class_list":["post-1020","page","type-page","status-publish","hentry","entry"],"yoast_head":"<!-- This site is optimized with the Yoast SEO plugin v25.0 - https:\/\/yoast.com\/wordpress\/plugins\/seo\/ -->\n<title>LUMINAIRE BOIS FLOTTE TRIPLE LED ZZ - akkart-decobois<\/title>\n<meta name=\"robots\" content=\"index, follow, max-snippet:-1, max-image-preview:large, max-video-preview:-1\" \/>\n<link rel=\"canonical\" href=\"https:\/\/akkart-decobois.com\/index.php\/luminaire-bois-flotte-triple-led-zz\/\" \/>\n<meta property=\"og:locale\" content=\"fr_FR\" \/>\n<meta property=\"og:type\" content=\"article\" \/>\n<meta property=\"og:title\" content=\"LUMINAIRE BOIS FLOTTE TRIPLE LED ZZ - akkart-decobois\" \/>\n<meta property=\"og:description\" content=\"LUMINAIRE DE CHARME EN BOIS FLOTTE du Languedoc d\u00e9cor\u00e9 \u00e0 la feuille d\u2019Or. \u00a0Il est sign\u00e9 sur le socle de mon nom d&rsquo;artiste &#8211; YKE N\u00b0III (3) en Pyrogravure 980 \u20ac TTC. Enti\u00e8rement fait main, exemplaire unique. VENDU. Composition : Le bois est soigneusement nettoy\u00e9, trait\u00e9 anti-insectes\/parasites et verni mat puis dor\u00e9 \u00e0 la main [&hellip;]\" \/>\n<meta property=\"og:url\" content=\"https:\/\/akkart-decobois.com\/index.php\/luminaire-bois-flotte-triple-led-zz\/\" \/>\n<meta property=\"og:site_name\" content=\"akkart-decobois\" \/>\n<meta property=\"article:publisher\" content=\"https:\/\/www.facebook.com\/bourrit.yanick\" \/>\n<meta property=\"article:modified_time\" content=\"2023-09-22T10:03:32+00:00\" \/>\n<meta property=\"og:image\" content=\"http:\/\/akkart-decobois.com\/wp-content\/uploads\/2023\/08\/20210809_202951-scaled.jpg\" \/>\n<meta name=\"twitter:card\" content=\"summary_large_image\" \/>\n<meta name=\"twitter:label1\" content=\"Dur\u00e9e de lecture estim\u00e9e\" \/>\n\t<meta name=\"twitter:data1\" content=\"1 minute\" \/>\n<script type=\"application\/ld+json\" class=\"yoast-schema-graph\">{\"@context\":\"https:\/\/schema.org\",\"@graph\":[{\"@type\":\"WebPage\",\"@id\":\"https:\/\/akkart-decobois.com\/index.php\/luminaire-bois-flotte-triple-led-zz\/\",\"url\":\"https:\/\/akkart-decobois.com\/index.php\/luminaire-bois-flotte-triple-led-zz\/\",\"name\":\"LUMINAIRE BOIS FLOTTE TRIPLE LED ZZ - akkart-decobois\",\"isPartOf\":{\"@id\":\"https:\/\/akkart-decobois.com\/#website\"},\"primaryImageOfPage\":{\"@id\":\"https:\/\/akkart-decobois.com\/index.php\/luminaire-bois-flotte-triple-led-zz\/#primaryimage\"},\"image\":{\"@id\":\"https:\/\/akkart-decobois.com\/index.php\/luminaire-bois-flotte-triple-led-zz\/#primaryimage\"},\"thumbnailUrl\":\"http:\/\/akkart-decobois.com\/wp-content\/uploads\/2023\/08\/20210809_202951-scaled.jpg\",\"datePublished\":\"2023-08-02T15:53:50+00:00\",\"dateModified\":\"2023-09-22T10:03:32+00:00\",\"breadcrumb\":{\"@id\":\"https:\/\/akkart-decobois.com\/index.php\/luminaire-bois-flotte-triple-led-zz\/#breadcrumb\"},\"inLanguage\":\"fr-FR\",\"potentialAction\":[{\"@type\":\"ReadAction\",\"target\":[\"https:\/\/akkart-decobois.com\/index.php\/luminaire-bois-flotte-triple-led-zz\/\"]}]},{\"@type\":\"ImageObject\",\"inLanguage\":\"fr-FR\",\"@id\":\"https:\/\/akkart-decobois.com\/index.php\/luminaire-bois-flotte-triple-led-zz\/#primaryimage\",\"url\":\"http:\/\/akkart-decobois.com\/wp-content\/uploads\/2023\/08\/20210809_202951-scaled.jpg\",\"contentUrl\":\"http:\/\/akkart-decobois.com\/wp-content\/uploads\/2023\/08\/20210809_202951-scaled.jpg\"},{\"@type\":\"BreadcrumbList\",\"@id\":\"https:\/\/akkart-decobois.com\/index.php\/luminaire-bois-flotte-triple-led-zz\/#breadcrumb\",\"itemListElement\":[{\"@type\":\"ListItem\",\"position\":1,\"name\":\"Accueil\",\"item\":\"https:\/\/akkart-decobois.com\/\"},{\"@type\":\"ListItem\",\"position\":2,\"name\":\"LUMINAIRE BOIS FLOTTE TRIPLE LED ZZ\"}]},{\"@type\":\"WebSite\",\"@id\":\"https:\/\/akkart-decobois.com\/#website\",\"url\":\"https:\/\/akkart-decobois.com\/\",\"name\":\"www.akkart-decobois.com\",\"description\":\"D\u00e9corations exclusives sur bois flott\u00e9 et \u00e9corces\",\"publisher\":{\"@id\":\"https:\/\/akkart-decobois.com\/#\/schema\/person\/2a460772ed4dbfa460b4cd9b5c3df2ac\"},\"potentialAction\":[{\"@type\":\"SearchAction\",\"target\":{\"@type\":\"EntryPoint\",\"urlTemplate\":\"https:\/\/akkart-decobois.com\/?s={search_term_string}\"},\"query-input\":{\"@type\":\"PropertyValueSpecification\",\"valueRequired\":true,\"valueName\":\"search_term_string\"}}],\"inLanguage\":\"fr-FR\"},{\"@type\":[\"Person\",\"Organization\"],\"@id\":\"https:\/\/akkart-decobois.com\/#\/schema\/person\/2a460772ed4dbfa460b4cd9b5c3df2ac\",\"name\":\"admin9784\",\"image\":{\"@type\":\"ImageObject\",\"inLanguage\":\"fr-FR\",\"@id\":\"https:\/\/akkart-decobois.com\/#\/schema\/person\/image\/\",\"url\":\"https:\/\/akkart-decobois.com\/wp-content\/uploads\/2024\/01\/AKKART-TRANSPARENT.png\",\"contentUrl\":\"https:\/\/akkart-decobois.com\/wp-content\/uploads\/2024\/01\/AKKART-TRANSPARENT.png\",\"width\":2616,\"height\":1009,\"caption\":\"admin9784\"},\"logo\":{\"@id\":\"https:\/\/akkart-decobois.com\/#\/schema\/person\/image\/\"},\"description\":\"Bonjour j\u2019ai d\u00e9j\u00e0 eu une vie riche, remplie de folie et de folies\u2026 Maintenant, elle est d\u2019autant plus exaltante\u2026 C\u2019est parti : Parents g\u00e9niaux qui m\u2019ont inculqu\u00e9 le go\u00fbt de l\u2019Excellence \u00e0 tous les niveaux. Apr\u00e8s le bac D, Ecole d\u2019officiers \u00e0 l\u2019Arm\u00e9e, Club Med ****(4 saisons) comme GO ski nautique, puis 9 ans dans l\u2019informatique \u00e0 Paris, ensuite 20 ans aux Cara\u00efbes \u00e0 St-Martin, enfin directeur pendant 7 ans d\u2019un magnifique Ch\u00e2teau class\u00e9 Monument Historique dans les C\u00e9vennes proposant chambres et suites 4 * Luxe. Depuis 2 ans, j\u2019ai d\u00e9sormais le temps de me consacrer \u00e0 une de mes passions : travailler le bois, le verre et bien d\u2019autres choses en laissant libre cours \u00e0 mon imagination et celles de mes clients pour fa\u00e7onner des objets originaux et uniques. Le leitmotiv de cette vie d\u2019exp\u00e9riences et de rencontres hors-du-commun est : \u00ab Le d\u00e9tail fait l\u2019Excellence \u00bb\u2026 J\u2019ai une immense gratitude pour tous ces gens, plut\u00f4t ces personnages extras, qui partagent ou ont partag\u00e9 ma vie. Merci de votre attention bienveillante, je reste tout \u00e0 votre \u00e9coute.\",\"sameAs\":[\"https:\/\/www.akkart-decobois.com\",\"https:\/\/www.facebook.com\/bourrit.yanick\",\"https:\/\/www.instagram.com\/akkart_decobois\",\"https:\/\/www.linkedin.com\/in\/yanick-bourrit-9a107413\/\",\"https:\/\/www.pinterest.fr\/ykeone\/\",\"https:\/\/www.youtube.com\/channel\/UCprkkn3qxQDnsjCLkamrr4w\"]}]}<\/script>\n<!-- \/ Yoast SEO plugin. -->","yoast_head_json":{"title":"LUMINAIRE BOIS FLOTTE TRIPLE LED ZZ - akkart-decobois","robots":{"index":"index","follow":"follow","max-snippet":"max-snippet:-1","max-image-preview":"max-image-preview:large","max-video-preview":"max-video-preview:-1"},"canonical":"https:\/\/akkart-decobois.com\/index.php\/luminaire-bois-flotte-triple-led-zz\/","og_locale":"fr_FR","og_type":"article","og_title":"LUMINAIRE BOIS FLOTTE TRIPLE LED ZZ - akkart-decobois","og_description":"LUMINAIRE DE CHARME EN BOIS FLOTTE du Languedoc d\u00e9cor\u00e9 \u00e0 la feuille d\u2019Or. \u00a0Il est sign\u00e9 sur le socle de mon nom d&rsquo;artiste &#8211; YKE N\u00b0III (3) en Pyrogravure 980 \u20ac TTC. Enti\u00e8rement fait main, exemplaire unique. VENDU. Composition : Le bois est soigneusement nettoy\u00e9, trait\u00e9 anti-insectes\/parasites et verni mat puis dor\u00e9 \u00e0 la main [&hellip;]","og_url":"https:\/\/akkart-decobois.com\/index.php\/luminaire-bois-flotte-triple-led-zz\/","og_site_name":"akkart-decobois","article_publisher":"https:\/\/www.facebook.com\/bourrit.yanick","article_modified_time":"2023-09-22T10:03:32+00:00","og_image":[{"url":"http:\/\/akkart-decobois.com\/wp-content\/uploads\/2023\/08\/20210809_202951-scaled.jpg","type":"","width":"","height":""}],"twitter_card":"summary_large_image","twitter_misc":{"Dur\u00e9e de lecture estim\u00e9e":"1 minute"},"schema":{"@context":"https:\/\/schema.org","@graph":[{"@type":"WebPage","@id":"https:\/\/akkart-decobois.com\/index.php\/luminaire-bois-flotte-triple-led-zz\/","url":"https:\/\/akkart-decobois.com\/index.php\/luminaire-bois-flotte-triple-led-zz\/","name":"LUMINAIRE BOIS FLOTTE TRIPLE LED ZZ - akkart-decobois","isPartOf":{"@id":"https:\/\/akkart-decobois.com\/#website"},"primaryImageOfPage":{"@id":"https:\/\/akkart-decobois.com\/index.php\/luminaire-bois-flotte-triple-led-zz\/#primaryimage"},"image":{"@id":"https:\/\/akkart-decobois.com\/index.php\/luminaire-bois-flotte-triple-led-zz\/#primaryimage"},"thumbnailUrl":"http:\/\/akkart-decobois.com\/wp-content\/uploads\/2023\/08\/20210809_202951-scaled.jpg","datePublished":"2023-08-02T15:53:50+00:00","dateModified":"2023-09-22T10:03:32+00:00","breadcrumb":{"@id":"https:\/\/akkart-decobois.com\/index.php\/luminaire-bois-flotte-triple-led-zz\/#breadcrumb"},"inLanguage":"fr-FR","potentialAction":[{"@type":"ReadAction","target":["https:\/\/akkart-decobois.com\/index.php\/luminaire-bois-flotte-triple-led-zz\/"]}]},{"@type":"ImageObject","inLanguage":"fr-FR","@id":"https:\/\/akkart-decobois.com\/index.php\/luminaire-bois-flotte-triple-led-zz\/#primaryimage","url":"http:\/\/akkart-decobois.com\/wp-content\/uploads\/2023\/08\/20210809_202951-scaled.jpg","contentUrl":"http:\/\/akkart-decobois.com\/wp-content\/uploads\/2023\/08\/20210809_202951-scaled.jpg"},{"@type":"BreadcrumbList","@id":"https:\/\/akkart-decobois.com\/index.php\/luminaire-bois-flotte-triple-led-zz\/#breadcrumb","itemListElement":[{"@type":"ListItem","position":1,"name":"Accueil","item":"https:\/\/akkart-decobois.com\/"},{"@type":"ListItem","position":2,"name":"LUMINAIRE BOIS FLOTTE TRIPLE LED ZZ"}]},{"@type":"WebSite","@id":"https:\/\/akkart-decobois.com\/#website","url":"https:\/\/akkart-decobois.com\/","name":"www.akkart-decobois.com","description":"D\u00e9corations exclusives sur bois flott\u00e9 et \u00e9corces","publisher":{"@id":"https:\/\/akkart-decobois.com\/#\/schema\/person\/2a460772ed4dbfa460b4cd9b5c3df2ac"},"potentialAction":[{"@type":"SearchAction","target":{"@type":"EntryPoint","urlTemplate":"https:\/\/akkart-decobois.com\/?s={search_term_string}"},"query-input":{"@type":"PropertyValueSpecification","valueRequired":true,"valueName":"search_term_string"}}],"inLanguage":"fr-FR"},{"@type":["Person","Organization"],"@id":"https:\/\/akkart-decobois.com\/#\/schema\/person\/2a460772ed4dbfa460b4cd9b5c3df2ac","name":"admin9784","image":{"@type":"ImageObject","inLanguage":"fr-FR","@id":"https:\/\/akkart-decobois.com\/#\/schema\/person\/image\/","url":"https:\/\/akkart-decobois.com\/wp-content\/uploads\/2024\/01\/AKKART-TRANSPARENT.png","contentUrl":"https:\/\/akkart-decobois.com\/wp-content\/uploads\/2024\/01\/AKKART-TRANSPARENT.png","width":2616,"height":1009,"caption":"admin9784"},"logo":{"@id":"https:\/\/akkart-decobois.com\/#\/schema\/person\/image\/"},"description":"Bonjour j\u2019ai d\u00e9j\u00e0 eu une vie riche, remplie de folie et de folies\u2026 Maintenant, elle est d\u2019autant plus exaltante\u2026 C\u2019est parti : Parents g\u00e9niaux qui m\u2019ont inculqu\u00e9 le go\u00fbt de l\u2019Excellence \u00e0 tous les niveaux. Apr\u00e8s le bac D, Ecole d\u2019officiers \u00e0 l\u2019Arm\u00e9e, Club Med ****(4 saisons) comme GO ski nautique, puis 9 ans dans l\u2019informatique \u00e0 Paris, ensuite 20 ans aux Cara\u00efbes \u00e0 St-Martin, enfin directeur pendant 7 ans d\u2019un magnifique Ch\u00e2teau class\u00e9 Monument Historique dans les C\u00e9vennes proposant chambres et suites 4 * Luxe. Depuis 2 ans, j\u2019ai d\u00e9sormais le temps de me consacrer \u00e0 une de mes passions : travailler le bois, le verre et bien d\u2019autres choses en laissant libre cours \u00e0 mon imagination et celles de mes clients pour fa\u00e7onner des objets originaux et uniques. Le leitmotiv de cette vie d\u2019exp\u00e9riences et de rencontres hors-du-commun est : \u00ab Le d\u00e9tail fait l\u2019Excellence \u00bb\u2026 J\u2019ai une immense gratitude pour tous ces gens, plut\u00f4t ces personnages extras, qui partagent ou ont partag\u00e9 ma vie. Merci de votre attention bienveillante, je reste tout \u00e0 votre \u00e9coute.","sameAs":["https:\/\/www.akkart-decobois.com","https:\/\/www.facebook.com\/bourrit.yanick","https:\/\/www.instagram.com\/akkart_decobois","https:\/\/www.linkedin.com\/in\/yanick-bourrit-9a107413\/","https:\/\/www.pinterest.fr\/ykeone\/","https:\/\/www.youtube.com\/channel\/UCprkkn3qxQDnsjCLkamrr4w"]}]}},"jetpack_sharing_enabled":true,"_links":{"self":[{"href":"https:\/\/akkart-decobois.com\/index.php\/wp-json\/wp\/v2\/pages\/1020","targetHints":{"allow":["GET"]}}],"collection":[{"href":"https:\/\/akkart-decobois.com\/index.php\/wp-json\/wp\/v2\/pages"}],"about":[{"href":"https:\/\/akkart-decobois.com\/index.php\/wp-json\/wp\/v2\/types\/page"}],"author":[{"embeddable":true,"href":"https:\/\/akkart-decobois.com\/index.php\/wp-json\/wp\/v2\/users\/1"}],"replies":[{"embeddable":true,"href":"https:\/\/akkart-decobois.com\/index.php\/wp-json\/wp\/v2\/comments?post=1020"}],"version-history":[{"count":17,"href":"https:\/\/akkart-decobois.com\/index.php\/wp-json\/wp\/v2\/pages\/1020\/revisions"}],"predecessor-version":[{"id":2727,"href":"https:\/\/akkart-decobois.com\/index.php\/wp-json\/wp\/v2\/pages\/1020\/revisions\/2727"}],"wp:attachment":[{"href":"https:\/\/akkart-decobois.com\/index.php\/wp-json\/wp\/v2\/media?parent=1020"}],"curies":[{"name":"wp","href":"https:\/\/api.w.org\/{rel}","templated":true}]}}