{"id":2289,"date":"2023-08-24T10:22:07","date_gmt":"2023-08-24T08:22:07","guid":{"rendered":"https:\/\/akkart-decobois.com\/?page_id=2289"},"modified":"2024-11-23T18:28:28","modified_gmt":"2024-11-23T17:28:28","slug":"resume-biographie-yb","status":"publish","type":"page","link":"https:\/\/akkart-decobois.com\/index.php\/resume-biographie-yb\/","title":{"rendered":"RESUME BIOGRAPHIE YB"},"content":{"rendered":"\t\t<div data-elementor-type=\"wp-page\" data-elementor-id=\"2289\" class=\"elementor elementor-2289\">\n\t\t\t\t\t\t<section class=\"elementor-section elementor-top-section elementor-element elementor-element-7584b57 elementor-section-boxed elementor-section-height-default elementor-section-height-default\" data-id=\"7584b57\" data-element_type=\"section\">\n\t\t\t\t\t\t<div class=\"elementor-container elementor-column-gap-default\">\n\t\t\t\t\t<div class=\"elementor-column elementor-col-100 elementor-top-column elementor-element elementor-element-6ede09c\" data-id=\"6ede09c\" data-element_type=\"column\">\n\t\t\t<div class=\"elementor-widget-wrap elementor-element-populated\">\n\t\t\t\t\t\t<div class=\"elementor-element elementor-element-c6d0134 elementor-widget elementor-widget-text-editor\" data-id=\"c6d0134\" data-element_type=\"widget\" data-widget_type=\"text-editor.default\">\n\t\t\t\t<div class=\"elementor-widget-container\">\n\t\t\t\t\t\t\t\t\t<p><strong>Bonjour futurs clients ! &#8230; Qui bient\u00f4t j\u2019esp\u00e8re, deviendrez de nouvelles relations amicales comme souvent !<\/strong><\/p><p>Bien, je fais au plus court pour me pr\u00e9senter car j&rsquo;ai d\u00e9j\u00e0 eu une vie riche, remplie de folie et de folies&#8230; Maintenant, elle est d&rsquo;autant plus exaltante&#8230; <strong style=\"font-style: inherit;\">C&rsquo;est parti :<\/strong><\/p><p>Parents g\u00e9niaux, dont j&rsquo;\u00e9tais le principal centre d&rsquo;amour et d&rsquo;int\u00e9r\u00eat, qui m&rsquo;ont inculqu\u00e9 le go\u00fbt de l&rsquo;Excellence \u00e0 tous les niveaux.\u00a0<\/p><p>Apr\u00e8s le bac D, Ecole d&rsquo;officiers \u00e0 l&rsquo;Arm\u00e9e, major de la promo. Alors promis \u00e0 une longue carri\u00e8re d&rsquo;officier, je pars&#8230;<\/p><p>Au Club Med ****(4 saisons) comme GO ski nautique. Formidable \u00e9cole de vie o\u00f9 j&rsquo;ai connu des gens extraordinaires, d&rsquo;autres moins (indispensables \u00e0 notre esprit critique et discernement), qui m\u2019ont fait d\u00e9couvrir de nouveaux pays et appr\u00e9cier un monde pluraliste et artistique. A 21 ans, j&rsquo;appr\u00e9hende quasiment tous les corps de m\u00e9tiers et bien des cat\u00e9gories de client\u00e8les en m\u00eame temps ! Cette vie particuli\u00e8re, les spectacles et le sport \u00e0 haute dose m&rsquo;ont donn\u00e9 cette \u00ab\u00a0rage tranquille\u00a0\u00bb de repousser les limites et les envies de toute une vie ! Comme pour la plupart de mes amis Ex-GO, le Club a \u00e9t\u00e9 un fabuleux tremplin qui donne les bonnes bases ainsi que l&rsquo;aisance sur sc\u00e8ne et en soci\u00e9t\u00e9.\u00a0<\/p><p>Retour \u00e0 la \u00ab\u00a0vie civile\u00a0\u00bb parisienne pendant 9 ans dans l&rsquo;informatique avec une fois encore des gens g\u00e9niaux (connus au Club \u00e0 Magic Ha\u00efti), dans les Grands Comptes puis directeur Marketing &amp; Communication du 3\u00e8me groupe France, g\u00e9rant de la filiale \u00e9v\u00e8nementielle dans cette p\u00e9riode inou\u00efe o\u00f9 j&rsquo;ai pu monter entre autres Indiana Jones au Lido et travailler avec des techniciens, des r\u00e9gisseurs et des musiciens talentueux\u2026 La plupart sont toujours mes amis. J&rsquo;ai une passion inou\u00efe du Spectacle, de la r\u00e9gie Son &amp; lumi\u00e8res et des d\u00e9cors ! Beaucoup de voyages sur une trentaine de pays&#8230;<\/p><p>Puis soudain, l&rsquo;appel des cocotiers, d&rsquo;une mer chaude et turquoise !<\/p><p>D\u00e9part pour 20 ans aux Cara\u00efbes en 90 : les ann\u00e9es magiques \u00e0 St-Martin, ma fille n\u00e9e le jour du plus gros cyclone du 20\u00e8me si\u00e8cle&#8230; 2 centres nautiques, les 1ers jet-skis, \u00e9cole de plong\u00e9e, sorties journ\u00e9e 7 \u00eeles en Offshore\/ bateau de course \u00e0 moteurs. Nombre de stars plan\u00e9taires comme clients &#8211; acteurs, chanteurs, pilotes&#8230; En prime, quelques amis extras de 30 ans maintenant sur SXM et St-Barth !<\/p><p>Comme toute bonne chose a une fin, retour en m\u00e9tropole ; mais on garde la m\u00eame \u00e9quipe qui gagne aux Antilles et me voil\u00e0 directeur pendant 7 ans d&rsquo;un magnifique Ch\u00e2teau du 12\u00e8me si\u00e8cle dans les C\u00e9vennes, pr\u00e8s du Cirque de Navacelles, class\u00e9 Monument Historique et inscrit au Patrimoine Mondial de l\u2019UNESCO, proposant chambres et suites 4 * Luxe. On part de z\u00e9ro et en 4 ans, nous sommes \u00e0 \u00ab\u00a09,3 + Excellence\u00a0\u00bb sur Booking.com ! Nous avons accueilli nombre de clients adorables et souvent \u00e9tonnants qui revenaient chaque ann\u00e9e, donc de nouveaux amis ainsi que plusieurs acteurs de cin\u00e9ma c\u00e9l\u00e8bres dont l\u2019\u00e9quipe du film \u00ab Barbecue \u00bb pendant 1 mois de tournage et de moments inoubliables en 2013.\u00a0<\/p><p>Arrive ma 8\u00e8me vie (il devrait m&rsquo;en rester une) depuis 3 ans o\u00f9 j&rsquo;ai d\u00e9sormais le temps de me consacrer \u00e0 une de mes passions : travailler le bois, le verre et bien d&rsquo;autres choses en laissant libre cours \u00e0 mon imagination et celles de mes clients pour fa\u00e7onner des objets originaux et uniques. Cerise sur le G\u00e2teau : ma petite-fille pointe le bout de son nez dans la vie.<\/p><p>Le leitmotiv de cette vie d&rsquo;exp\u00e9riences et de rencontres hors-du-commun est : \u00ab\u00a0Le d\u00e9tail fait l\u2019Excellence\u00a0\u00bb\u2026 J&rsquo;ai une immense gratitude envers tous ces gens, plut\u00f4t ces personnages extras, qui partagent ou ont partag\u00e9 ma vie.<\/p><p>Merci de votre attention bienveillante, je reste tout \u00e0 votre \u00e9coute. Yanick. Et comme dit Jacque Dutronc : \u00ab\u00a0t\u00e9l\u00e9phonez-moi, t\u00e9l\u00e9phonez-me\u00a0\u00bb !<\/p><p>PS : **** Je suis particuli\u00e8rement fier et heureux de faire partie de cette famille du Club Med et d&rsquo;avoir connu personnellement Gilbert Trigano &#8230; On y est, je suis un \u00ab\u00a0Dinosaure\u00a0\u00bb* maintenant&#8230; Sauf que l&rsquo;\u00e2me du GO est toujours l\u00e0, intacte !\u00a0<\/p>\t\t\t\t\t\t\t\t<\/div>\n\t\t\t\t<\/div>\n\t\t\t\t\t<\/div>\n\t\t<\/div>\n\t\t\t\t\t<\/div>\n\t\t<\/section>\n\t\t\t\t<\/div>\n\t\t","protected":false},"excerpt":{"rendered":"<p>Bonjour futurs clients ! &#8230; Qui bient\u00f4t j\u2019esp\u00e8re, deviendrez de nouvelles relations amicales comme souvent ! Bien, je fais au plus court pour me pr\u00e9senter car j&rsquo;ai d\u00e9j\u00e0 eu une vie riche, remplie de folie et de folies&#8230; Maintenant, elle est d&rsquo;autant plus exaltante&#8230; C&rsquo;est parti : Parents g\u00e9niaux, dont j&rsquo;\u00e9tais le principal centre d&rsquo;amour [&hellip;]<\/p>\n","protected":false},"author":1,"featured_media":0,"parent":0,"menu_order":0,"comment_status":"closed","ping_status":"closed","template":"","meta":{"ocean_post_layout":"","ocean_both_sidebars_style":"","ocean_both_sidebars_content_width":0,"ocean_both_sidebars_sidebars_width":0,"ocean_sidebar":"0","ocean_second_sidebar":"0","ocean_disable_margins":"enable","ocean_add_body_class":"","ocean_shortcode_before_top_bar":"","ocean_shortcode_after_top_bar":"","ocean_shortcode_before_header":"","ocean_shortcode_after_header":"","ocean_has_shortcode":"","ocean_shortcode_after_title":"","ocean_shortcode_before_footer_widgets":"","ocean_shortcode_after_footer_widgets":"","ocean_shortcode_before_footer_bottom":"","ocean_shortcode_after_footer_bottom":"","ocean_display_top_bar":"default","ocean_display_header":"default","ocean_header_style":"","ocean_center_header_left_menu":"0","ocean_custom_header_template":"0","ocean_custom_logo":0,"ocean_custom_retina_logo":0,"ocean_custom_logo_max_width":0,"ocean_custom_logo_tablet_max_width":0,"ocean_custom_logo_mobile_max_width":0,"ocean_custom_logo_max_height":0,"ocean_custom_logo_tablet_max_height":0,"ocean_custom_logo_mobile_max_height":0,"ocean_header_custom_menu":"0","ocean_menu_typo_font_family":"0","ocean_menu_typo_font_subset":"","ocean_menu_typo_font_size":0,"ocean_menu_typo_font_size_tablet":0,"ocean_menu_typo_font_size_mobile":0,"ocean_menu_typo_font_size_unit":"px","ocean_menu_typo_font_weight":"","ocean_menu_typo_font_weight_tablet":"","ocean_menu_typo_font_weight_mobile":"","ocean_menu_typo_transform":"","ocean_menu_typo_transform_tablet":"","ocean_menu_typo_transform_mobile":"","ocean_menu_typo_line_height":0,"ocean_menu_typo_line_height_tablet":0,"ocean_menu_typo_line_height_mobile":0,"ocean_menu_typo_line_height_unit":"","ocean_menu_typo_spacing":0,"ocean_menu_typo_spacing_tablet":0,"ocean_menu_typo_spacing_mobile":0,"ocean_menu_typo_spacing_unit":"","ocean_menu_link_color":"","ocean_menu_link_color_hover":"","ocean_menu_link_color_active":"","ocean_menu_link_background":"","ocean_menu_link_hover_background":"","ocean_menu_link_active_background":"","ocean_menu_social_links_bg":"","ocean_menu_social_hover_links_bg":"","ocean_menu_social_links_color":"","ocean_menu_social_hover_links_color":"","ocean_disable_title":"default","ocean_disable_heading":"default","ocean_post_title":"","ocean_post_subheading":"","ocean_post_title_style":"","ocean_post_title_background_color":"","ocean_post_title_background":0,"ocean_post_title_bg_image_position":"","ocean_post_title_bg_image_attachment":"","ocean_post_title_bg_image_repeat":"","ocean_post_title_bg_image_size":"","ocean_post_title_height":0,"ocean_post_title_bg_overlay":0.5,"ocean_post_title_bg_overlay_color":"","ocean_disable_breadcrumbs":"default","ocean_breadcrumbs_color":"","ocean_breadcrumbs_separator_color":"","ocean_breadcrumbs_links_color":"","ocean_breadcrumbs_links_hover_color":"","ocean_display_footer_widgets":"default","ocean_display_footer_bottom":"default","ocean_custom_footer_template":"0","footnotes":""},"class_list":["post-2289","page","type-page","status-publish","hentry","entry"],"yoast_head":"<!-- This site is optimized with the Yoast SEO plugin v25.0 - https:\/\/yoast.com\/wordpress\/plugins\/seo\/ -->\n<title>RESUME BIOGRAPHIE YB - akkart-decobois<\/title>\n<meta name=\"robots\" content=\"index, follow, max-snippet:-1, max-image-preview:large, max-video-preview:-1\" \/>\n<link rel=\"canonical\" href=\"https:\/\/akkart-decobois.com\/index.php\/resume-biographie-yb\/\" \/>\n<meta property=\"og:locale\" content=\"fr_FR\" \/>\n<meta property=\"og:type\" content=\"article\" \/>\n<meta property=\"og:title\" content=\"RESUME BIOGRAPHIE YB - akkart-decobois\" \/>\n<meta property=\"og:description\" content=\"Bonjour futurs clients ! &#8230; Qui bient\u00f4t j\u2019esp\u00e8re, deviendrez de nouvelles relations amicales comme souvent ! Bien, je fais au plus court pour me pr\u00e9senter car j&rsquo;ai d\u00e9j\u00e0 eu une vie riche, remplie de folie et de folies&#8230; Maintenant, elle est d&rsquo;autant plus exaltante&#8230; C&rsquo;est parti : Parents g\u00e9niaux, dont j&rsquo;\u00e9tais le principal centre d&rsquo;amour [&hellip;]\" \/>\n<meta property=\"og:url\" content=\"https:\/\/akkart-decobois.com\/index.php\/resume-biographie-yb\/\" \/>\n<meta property=\"og:site_name\" content=\"akkart-decobois\" \/>\n<meta property=\"article:publisher\" content=\"https:\/\/www.facebook.com\/bourrit.yanick\" \/>\n<meta property=\"article:modified_time\" content=\"2024-11-23T17:28:28+00:00\" \/>\n<meta name=\"twitter:card\" content=\"summary_large_image\" \/>\n<meta name=\"twitter:label1\" content=\"Dur\u00e9e de lecture estim\u00e9e\" \/>\n\t<meta name=\"twitter:data1\" content=\"4 minutes\" \/>\n<script type=\"application\/ld+json\" class=\"yoast-schema-graph\">{\"@context\":\"https:\/\/schema.org\",\"@graph\":[{\"@type\":\"WebPage\",\"@id\":\"https:\/\/akkart-decobois.com\/index.php\/resume-biographie-yb\/\",\"url\":\"https:\/\/akkart-decobois.com\/index.php\/resume-biographie-yb\/\",\"name\":\"RESUME BIOGRAPHIE YB - akkart-decobois\",\"isPartOf\":{\"@id\":\"https:\/\/akkart-decobois.com\/#website\"},\"datePublished\":\"2023-08-24T08:22:07+00:00\",\"dateModified\":\"2024-11-23T17:28:28+00:00\",\"breadcrumb\":{\"@id\":\"https:\/\/akkart-decobois.com\/index.php\/resume-biographie-yb\/#breadcrumb\"},\"inLanguage\":\"fr-FR\",\"potentialAction\":[{\"@type\":\"ReadAction\",\"target\":[\"https:\/\/akkart-decobois.com\/index.php\/resume-biographie-yb\/\"]}]},{\"@type\":\"BreadcrumbList\",\"@id\":\"https:\/\/akkart-decobois.com\/index.php\/resume-biographie-yb\/#breadcrumb\",\"itemListElement\":[{\"@type\":\"ListItem\",\"position\":1,\"name\":\"Accueil\",\"item\":\"https:\/\/akkart-decobois.com\/\"},{\"@type\":\"ListItem\",\"position\":2,\"name\":\"RESUME BIOGRAPHIE YB\"}]},{\"@type\":\"WebSite\",\"@id\":\"https:\/\/akkart-decobois.com\/#website\",\"url\":\"https:\/\/akkart-decobois.com\/\",\"name\":\"www.akkart-decobois.com\",\"description\":\"D\u00e9corations exclusives sur bois flott\u00e9 et \u00e9corces\",\"publisher\":{\"@id\":\"https:\/\/akkart-decobois.com\/#\/schema\/person\/2a460772ed4dbfa460b4cd9b5c3df2ac\"},\"potentialAction\":[{\"@type\":\"SearchAction\",\"target\":{\"@type\":\"EntryPoint\",\"urlTemplate\":\"https:\/\/akkart-decobois.com\/?s={search_term_string}\"},\"query-input\":{\"@type\":\"PropertyValueSpecification\",\"valueRequired\":true,\"valueName\":\"search_term_string\"}}],\"inLanguage\":\"fr-FR\"},{\"@type\":[\"Person\",\"Organization\"],\"@id\":\"https:\/\/akkart-decobois.com\/#\/schema\/person\/2a460772ed4dbfa460b4cd9b5c3df2ac\",\"name\":\"admin9784\",\"image\":{\"@type\":\"ImageObject\",\"inLanguage\":\"fr-FR\",\"@id\":\"https:\/\/akkart-decobois.com\/#\/schema\/person\/image\/\",\"url\":\"https:\/\/akkart-decobois.com\/wp-content\/uploads\/2024\/01\/AKKART-TRANSPARENT.png\",\"contentUrl\":\"https:\/\/akkart-decobois.com\/wp-content\/uploads\/2024\/01\/AKKART-TRANSPARENT.png\",\"width\":2616,\"height\":1009,\"caption\":\"admin9784\"},\"logo\":{\"@id\":\"https:\/\/akkart-decobois.com\/#\/schema\/person\/image\/\"},\"description\":\"Bonjour j\u2019ai d\u00e9j\u00e0 eu une vie riche, remplie de folie et de folies\u2026 Maintenant, elle est d\u2019autant plus exaltante\u2026 C\u2019est parti : Parents g\u00e9niaux qui m\u2019ont inculqu\u00e9 le go\u00fbt de l\u2019Excellence \u00e0 tous les niveaux. Apr\u00e8s le bac D, Ecole d\u2019officiers \u00e0 l\u2019Arm\u00e9e, Club Med ****(4 saisons) comme GO ski nautique, puis 9 ans dans l\u2019informatique \u00e0 Paris, ensuite 20 ans aux Cara\u00efbes \u00e0 St-Martin, enfin directeur pendant 7 ans d\u2019un magnifique Ch\u00e2teau class\u00e9 Monument Historique dans les C\u00e9vennes proposant chambres et suites 4 * Luxe. Depuis 2 ans, j\u2019ai d\u00e9sormais le temps de me consacrer \u00e0 une de mes passions : travailler le bois, le verre et bien d\u2019autres choses en laissant libre cours \u00e0 mon imagination et celles de mes clients pour fa\u00e7onner des objets originaux et uniques. Le leitmotiv de cette vie d\u2019exp\u00e9riences et de rencontres hors-du-commun est : \u00ab Le d\u00e9tail fait l\u2019Excellence \u00bb\u2026 J\u2019ai une immense gratitude pour tous ces gens, plut\u00f4t ces personnages extras, qui partagent ou ont partag\u00e9 ma vie. Merci de votre attention bienveillante, je reste tout \u00e0 votre \u00e9coute.\",\"sameAs\":[\"https:\/\/www.akkart-decobois.com\",\"https:\/\/www.facebook.com\/bourrit.yanick\",\"https:\/\/www.instagram.com\/akkart_decobois\",\"https:\/\/www.linkedin.com\/in\/yanick-bourrit-9a107413\/\",\"https:\/\/www.pinterest.fr\/ykeone\/\",\"https:\/\/www.youtube.com\/channel\/UCprkkn3qxQDnsjCLkamrr4w\"]}]}<\/script>\n<!-- \/ Yoast SEO plugin. -->","yoast_head_json":{"title":"RESUME BIOGRAPHIE YB - akkart-decobois","robots":{"index":"index","follow":"follow","max-snippet":"max-snippet:-1","max-image-preview":"max-image-preview:large","max-video-preview":"max-video-preview:-1"},"canonical":"https:\/\/akkart-decobois.com\/index.php\/resume-biographie-yb\/","og_locale":"fr_FR","og_type":"article","og_title":"RESUME BIOGRAPHIE YB - akkart-decobois","og_description":"Bonjour futurs clients ! &#8230; Qui bient\u00f4t j\u2019esp\u00e8re, deviendrez de nouvelles relations amicales comme souvent ! Bien, je fais au plus court pour me pr\u00e9senter car j&rsquo;ai d\u00e9j\u00e0 eu une vie riche, remplie de folie et de folies&#8230; Maintenant, elle est d&rsquo;autant plus exaltante&#8230; C&rsquo;est parti : Parents g\u00e9niaux, dont j&rsquo;\u00e9tais le principal centre d&rsquo;amour [&hellip;]","og_url":"https:\/\/akkart-decobois.com\/index.php\/resume-biographie-yb\/","og_site_name":"akkart-decobois","article_publisher":"https:\/\/www.facebook.com\/bourrit.yanick","article_modified_time":"2024-11-23T17:28:28+00:00","twitter_card":"summary_large_image","twitter_misc":{"Dur\u00e9e de lecture estim\u00e9e":"4 minutes"},"schema":{"@context":"https:\/\/schema.org","@graph":[{"@type":"WebPage","@id":"https:\/\/akkart-decobois.com\/index.php\/resume-biographie-yb\/","url":"https:\/\/akkart-decobois.com\/index.php\/resume-biographie-yb\/","name":"RESUME BIOGRAPHIE YB - akkart-decobois","isPartOf":{"@id":"https:\/\/akkart-decobois.com\/#website"},"datePublished":"2023-08-24T08:22:07+00:00","dateModified":"2024-11-23T17:28:28+00:00","breadcrumb":{"@id":"https:\/\/akkart-decobois.com\/index.php\/resume-biographie-yb\/#breadcrumb"},"inLanguage":"fr-FR","potentialAction":[{"@type":"ReadAction","target":["https:\/\/akkart-decobois.com\/index.php\/resume-biographie-yb\/"]}]},{"@type":"BreadcrumbList","@id":"https:\/\/akkart-decobois.com\/index.php\/resume-biographie-yb\/#breadcrumb","itemListElement":[{"@type":"ListItem","position":1,"name":"Accueil","item":"https:\/\/akkart-decobois.com\/"},{"@type":"ListItem","position":2,"name":"RESUME BIOGRAPHIE YB"}]},{"@type":"WebSite","@id":"https:\/\/akkart-decobois.com\/#website","url":"https:\/\/akkart-decobois.com\/","name":"www.akkart-decobois.com","description":"D\u00e9corations exclusives sur bois flott\u00e9 et \u00e9corces","publisher":{"@id":"https:\/\/akkart-decobois.com\/#\/schema\/person\/2a460772ed4dbfa460b4cd9b5c3df2ac"},"potentialAction":[{"@type":"SearchAction","target":{"@type":"EntryPoint","urlTemplate":"https:\/\/akkart-decobois.com\/?s={search_term_string}"},"query-input":{"@type":"PropertyValueSpecification","valueRequired":true,"valueName":"search_term_string"}}],"inLanguage":"fr-FR"},{"@type":["Person","Organization"],"@id":"https:\/\/akkart-decobois.com\/#\/schema\/person\/2a460772ed4dbfa460b4cd9b5c3df2ac","name":"admin9784","image":{"@type":"ImageObject","inLanguage":"fr-FR","@id":"https:\/\/akkart-decobois.com\/#\/schema\/person\/image\/","url":"https:\/\/akkart-decobois.com\/wp-content\/uploads\/2024\/01\/AKKART-TRANSPARENT.png","contentUrl":"https:\/\/akkart-decobois.com\/wp-content\/uploads\/2024\/01\/AKKART-TRANSPARENT.png","width":2616,"height":1009,"caption":"admin9784"},"logo":{"@id":"https:\/\/akkart-decobois.com\/#\/schema\/person\/image\/"},"description":"Bonjour j\u2019ai d\u00e9j\u00e0 eu une vie riche, remplie de folie et de folies\u2026 Maintenant, elle est d\u2019autant plus exaltante\u2026 C\u2019est parti : Parents g\u00e9niaux qui m\u2019ont inculqu\u00e9 le go\u00fbt de l\u2019Excellence \u00e0 tous les niveaux. Apr\u00e8s le bac D, Ecole d\u2019officiers \u00e0 l\u2019Arm\u00e9e, Club Med ****(4 saisons) comme GO ski nautique, puis 9 ans dans l\u2019informatique \u00e0 Paris, ensuite 20 ans aux Cara\u00efbes \u00e0 St-Martin, enfin directeur pendant 7 ans d\u2019un magnifique Ch\u00e2teau class\u00e9 Monument Historique dans les C\u00e9vennes proposant chambres et suites 4 * Luxe. Depuis 2 ans, j\u2019ai d\u00e9sormais le temps de me consacrer \u00e0 une de mes passions : travailler le bois, le verre et bien d\u2019autres choses en laissant libre cours \u00e0 mon imagination et celles de mes clients pour fa\u00e7onner des objets originaux et uniques. Le leitmotiv de cette vie d\u2019exp\u00e9riences et de rencontres hors-du-commun est : \u00ab Le d\u00e9tail fait l\u2019Excellence \u00bb\u2026 J\u2019ai une immense gratitude pour tous ces gens, plut\u00f4t ces personnages extras, qui partagent ou ont partag\u00e9 ma vie. Merci de votre attention bienveillante, je reste tout \u00e0 votre \u00e9coute.","sameAs":["https:\/\/www.akkart-decobois.com","https:\/\/www.facebook.com\/bourrit.yanick","https:\/\/www.instagram.com\/akkart_decobois","https:\/\/www.linkedin.com\/in\/yanick-bourrit-9a107413\/","https:\/\/www.pinterest.fr\/ykeone\/","https:\/\/www.youtube.com\/channel\/UCprkkn3qxQDnsjCLkamrr4w"]}]}},"jetpack_sharing_enabled":true,"_links":{"self":[{"href":"https:\/\/akkart-decobois.com\/index.php\/wp-json\/wp\/v2\/pages\/2289","targetHints":{"allow":["GET"]}}],"collection":[{"href":"https:\/\/akkart-decobois.com\/index.php\/wp-json\/wp\/v2\/pages"}],"about":[{"href":"https:\/\/akkart-decobois.com\/index.php\/wp-json\/wp\/v2\/types\/page"}],"author":[{"embeddable":true,"href":"https:\/\/akkart-decobois.com\/index.php\/wp-json\/wp\/v2\/users\/1"}],"replies":[{"embeddable":true,"href":"https:\/\/akkart-decobois.com\/index.php\/wp-json\/wp\/v2\/comments?post=2289"}],"version-history":[{"count":134,"href":"https:\/\/akkart-decobois.com\/index.php\/wp-json\/wp\/v2\/pages\/2289\/revisions"}],"predecessor-version":[{"id":4206,"href":"https:\/\/akkart-decobois.com\/index.php\/wp-json\/wp\/v2\/pages\/2289\/revisions\/4206"}],"wp:attachment":[{"href":"https:\/\/akkart-decobois.com\/index.php\/wp-json\/wp\/v2\/media?parent=2289"}],"curies":[{"name":"wp","href":"https:\/\/api.w.org\/{rel}","templated":true}]}}