{"id":45,"date":"2023-07-19T18:18:45","date_gmt":"2023-07-19T16:18:45","guid":{"rendered":"https:\/\/akkart-decobois.com\/?page_id=45"},"modified":"2023-09-22T11:57:21","modified_gmt":"2023-09-22T09:57:21","slug":"accueil","status":"publish","type":"page","link":"https:\/\/akkart-decobois.com\/","title":{"rendered":"ACCUEIL"},"content":{"rendered":"\t\t<div data-elementor-type=\"wp-page\" data-elementor-id=\"45\" class=\"elementor elementor-45\">\n\t\t\t\t\t\t<section class=\"elementor-section elementor-top-section elementor-element elementor-element-1c6db77a elementor-section-boxed elementor-section-height-default elementor-section-height-default\" data-id=\"1c6db77a\" data-element_type=\"section\">\n\t\t\t\t\t\t<div class=\"elementor-container elementor-column-gap-default\">\n\t\t\t\t\t<div class=\"elementor-column elementor-col-100 elementor-top-column elementor-element elementor-element-6bf2741f\" data-id=\"6bf2741f\" data-element_type=\"column\">\n\t\t\t<div class=\"elementor-widget-wrap elementor-element-populated\">\n\t\t\t\t\t\t<div class=\"elementor-element elementor-element-ca6ceac elementor-widget elementor-widget-image\" data-id=\"ca6ceac\" data-element_type=\"widget\" data-widget_type=\"image.default\">\n\t\t\t\t<div class=\"elementor-widget-container\">\n\t\t\t\t\t\t\t\t\t\t\t\t\t\t\t<img decoding=\"async\" src=\"http:\/\/akkart-decobois.com\/wp-content\/uploads\/2023\/07\/LOGO-FOND-TRANSPARENT-SANS-DESIGN-BY-YKE-copie.png\" title=\"\" alt=\"\" loading=\"lazy\" \/>\t\t\t\t\t\t\t\t\t\t\t\t\t\t\t<\/div>\n\t\t\t\t<\/div>\n\t\t\t\t\t<\/div>\n\t\t<\/div>\n\t\t\t\t\t<\/div>\n\t\t<\/section>\n\t\t\t\t<section class=\"elementor-section elementor-top-section elementor-element elementor-element-f354542 elementor-section-boxed elementor-section-height-default elementor-section-height-default\" data-id=\"f354542\" data-element_type=\"section\">\n\t\t\t\t\t\t<div class=\"elementor-container elementor-column-gap-default\">\n\t\t\t\t\t<div class=\"elementor-column elementor-col-100 elementor-top-column elementor-element elementor-element-dbc30c8\" data-id=\"dbc30c8\" data-element_type=\"column\">\n\t\t\t<div class=\"elementor-widget-wrap elementor-element-populated\">\n\t\t\t\t\t\t<div class=\"elementor-element elementor-element-01bd0ae elementor-widget elementor-widget-heading\" data-id=\"01bd0ae\" data-element_type=\"widget\" data-widget_type=\"heading.default\">\n\t\t\t\t<div class=\"elementor-widget-container\">\n\t\t\t\t\t<h2 class=\"elementor-heading-title elementor-size-default\">CREATION DE LUMINAIRES & D'OBJETS DECO EXCLUSIFS EN BOIS FLOTTE, ECORCES ET VERRE.<\/h2>\t\t\t\t<\/div>\n\t\t\t\t<\/div>\n\t\t\t\t\t<\/div>\n\t\t<\/div>\n\t\t\t\t\t<\/div>\n\t\t<\/section>\n\t\t\t\t<section class=\"elementor-section elementor-top-section elementor-element elementor-element-1126d85 elementor-section-boxed elementor-section-height-default elementor-section-height-default\" data-id=\"1126d85\" data-element_type=\"section\">\n\t\t\t\t\t\t<div class=\"elementor-container elementor-column-gap-default\">\n\t\t\t\t\t<div class=\"elementor-column elementor-col-100 elementor-top-column elementor-element elementor-element-7374136\" data-id=\"7374136\" data-element_type=\"column\">\n\t\t\t<div class=\"elementor-widget-wrap elementor-element-populated\">\n\t\t\t\t\t\t<div class=\"elementor-element elementor-element-5a08e4f elementor-widget elementor-widget-video\" data-id=\"5a08e4f\" data-element_type=\"widget\" data-settings=\"{&quot;youtube_url&quot;:&quot;https:\\\/\\\/www.youtube.com\\\/watch?v=1uhzmPbQKSI&amp;lc=UgyuZZ0dOGRJt-sAD7F4AaABAg&quot;,&quot;video_type&quot;:&quot;youtube&quot;,&quot;controls&quot;:&quot;yes&quot;}\" data-widget_type=\"video.default\">\n\t\t\t\t<div class=\"elementor-widget-container\">\n\t\t\t\t\t\t\t<div class=\"elementor-wrapper elementor-open-inline\">\n\t\t\t<div class=\"elementor-video\"><\/div>\t\t<\/div>\n\t\t\t\t\t\t<\/div>\n\t\t\t\t<\/div>\n\t\t\t\t\t<\/div>\n\t\t<\/div>\n\t\t\t\t\t<\/div>\n\t\t<\/section>\n\t\t\t\t<section class=\"elementor-section elementor-top-section elementor-element elementor-element-2dae84c elementor-section-boxed elementor-section-height-default elementor-section-height-default\" data-id=\"2dae84c\" data-element_type=\"section\">\n\t\t\t\t\t\t<div class=\"elementor-container elementor-column-gap-default\">\n\t\t\t\t\t<div class=\"elementor-column elementor-col-100 elementor-top-column elementor-element elementor-element-0ccd7b6\" data-id=\"0ccd7b6\" data-element_type=\"column\">\n\t\t\t<div class=\"elementor-widget-wrap elementor-element-populated\">\n\t\t\t\t\t\t<div class=\"elementor-element elementor-element-bd79c6d elementor-arrows-position-inside elementor-pagination-position-outside elementor-widget elementor-widget-image-carousel\" data-id=\"bd79c6d\" data-element_type=\"widget\" data-settings=\"{&quot;speed&quot;:752,&quot;navigation&quot;:&quot;both&quot;,&quot;autoplay&quot;:&quot;yes&quot;,&quot;pause_on_hover&quot;:&quot;yes&quot;,&quot;pause_on_interaction&quot;:&quot;yes&quot;,&quot;autoplay_speed&quot;:5000,&quot;infinite&quot;:&quot;yes&quot;}\" data-widget_type=\"image-carousel.default\">\n\t\t\t\t<div class=\"elementor-widget-container\">\n\t\t\t\t\t\t\t<div class=\"elementor-image-carousel-wrapper swiper\" role=\"region\" aria-roledescription=\"carousel\" aria-label=\"Carrousel d\u2019images\" dir=\"ltr\">\n\t\t\t<div class=\"elementor-image-carousel swiper-wrapper\" aria-live=\"off\">\n\t\t\t\t\t\t\t\t<div class=\"swiper-slide\" role=\"group\" aria-roledescription=\"slide\" aria-label=\"1 sur 8\"><figure class=\"swiper-slide-inner\"><img decoding=\"async\" class=\"swiper-slide-image\" src=\"https:\/\/akkart-decobois.com\/wp-content\/uploads\/2023\/07\/20221203_121650.jpg\" alt=\"20221203_121650\" \/><\/figure><\/div><div class=\"swiper-slide\" role=\"group\" aria-roledescription=\"slide\" aria-label=\"2 sur 8\"><figure class=\"swiper-slide-inner\"><img decoding=\"async\" class=\"swiper-slide-image\" src=\"https:\/\/akkart-decobois.com\/wp-content\/uploads\/2023\/08\/20230825_155122-768x1707.jpg\" alt=\"20230825_155122\" \/><\/figure><\/div><div class=\"swiper-slide\" role=\"group\" aria-roledescription=\"slide\" aria-label=\"3 sur 8\"><figure class=\"swiper-slide-inner\"><img decoding=\"async\" class=\"swiper-slide-image\" src=\"https:\/\/akkart-decobois.com\/wp-content\/uploads\/2023\/08\/20230825_155833-768x1707.jpg\" alt=\"20230825_155833\" \/><\/figure><\/div><div class=\"swiper-slide\" role=\"group\" aria-roledescription=\"slide\" aria-label=\"4 sur 8\"><figure class=\"swiper-slide-inner\"><img decoding=\"async\" class=\"swiper-slide-image\" src=\"https:\/\/akkart-decobois.com\/wp-content\/uploads\/2023\/08\/20230825_155344-768x1707.jpg\" alt=\"20230825_155344\" \/><\/figure><\/div><div class=\"swiper-slide\" role=\"group\" aria-roledescription=\"slide\" aria-label=\"5 sur 8\"><figure class=\"swiper-slide-inner\"><img decoding=\"async\" class=\"swiper-slide-image\" src=\"https:\/\/akkart-decobois.com\/wp-content\/uploads\/2023\/07\/20221217_121853-Copier-768x1024.jpg\" alt=\"20221217_121853 (Copier)\" \/><\/figure><\/div><div class=\"swiper-slide\" role=\"group\" aria-roledescription=\"slide\" aria-label=\"6 sur 8\"><figure class=\"swiper-slide-inner\"><img decoding=\"async\" class=\"swiper-slide-image\" src=\"https:\/\/akkart-decobois.com\/wp-content\/uploads\/2023\/07\/20221217_121433-Copier-768x1024.jpg\" alt=\"20221217_121433 (Copier)\" \/><\/figure><\/div><div class=\"swiper-slide\" role=\"group\" aria-roledescription=\"slide\" aria-label=\"7 sur 8\"><figure class=\"swiper-slide-inner\"><img decoding=\"async\" class=\"swiper-slide-image\" src=\"https:\/\/akkart-decobois.com\/wp-content\/uploads\/2023\/07\/20221217_121445-Copier-768x1024.jpg\" alt=\"20221217_121445 (Copier)\" \/><\/figure><\/div><div class=\"swiper-slide\" role=\"group\" aria-roledescription=\"slide\" aria-label=\"8 sur 8\"><figure class=\"swiper-slide-inner\"><img decoding=\"async\" class=\"swiper-slide-image\" src=\"https:\/\/akkart-decobois.com\/wp-content\/uploads\/2023\/07\/20221217_121421-Copier-768x576.jpg\" alt=\"20221217_121421 (Copier)\" \/><\/figure><\/div>\t\t\t<\/div>\n\t\t\t\t\t\t\t\t\t\t\t\t<div class=\"elementor-swiper-button elementor-swiper-button-prev\" role=\"button\" tabindex=\"0\">\n\t\t\t\t\t\t<i aria-hidden=\"true\" class=\"eicon-chevron-left\"><\/i>\t\t\t\t\t<\/div>\n\t\t\t\t\t<div class=\"elementor-swiper-button elementor-swiper-button-next\" role=\"button\" tabindex=\"0\">\n\t\t\t\t\t\t<i aria-hidden=\"true\" class=\"eicon-chevron-right\"><\/i>\t\t\t\t\t<\/div>\n\t\t\t\t\n\t\t\t\t\t\t\t\t\t<div class=\"swiper-pagination\"><\/div>\n\t\t\t\t\t\t\t\t\t<\/div>\n\t\t\t\t\t\t<\/div>\n\t\t\t\t<\/div>\n\t\t\t\t\t<\/div>\n\t\t<\/div>\n\t\t\t\t\t<\/div>\n\t\t<\/section>\n\t\t\t\t<section class=\"elementor-section elementor-top-section elementor-element elementor-element-e9f9585 elementor-section-boxed elementor-section-height-default elementor-section-height-default\" data-id=\"e9f9585\" data-element_type=\"section\">\n\t\t\t\t\t\t<div class=\"elementor-container elementor-column-gap-default\">\n\t\t\t\t\t<div class=\"elementor-column elementor-col-100 elementor-top-column elementor-element elementor-element-d2c6ea4\" data-id=\"d2c6ea4\" data-element_type=\"column\">\n\t\t\t<div class=\"elementor-widget-wrap elementor-element-populated\">\n\t\t\t\t\t\t<div class=\"elementor-element elementor-element-b71bc6f elementor-button-info elementor-align-center elementor-widget elementor-widget-button\" data-id=\"b71bc6f\" data-element_type=\"widget\" data-widget_type=\"button.default\">\n\t\t\t\t<div class=\"elementor-widget-container\">\n\t\t\t\t\t\t\t\t\t<div class=\"elementor-button-wrapper\">\n\t\t\t\t\t<a class=\"elementor-button elementor-button-link elementor-size-md\" href=\"https:\/\/akkart-decobois.com\/index.php\/presentation-produits\/\">\n\t\t\t\t\t\t<span class=\"elementor-button-content-wrapper\">\n\t\t\t\t\t\t\t\t\t<span class=\"elementor-button-text\">VOIR TOUS LES STYLES DE CREATIONS<\/span>\n\t\t\t\t\t<\/span>\n\t\t\t\t\t<\/a>\n\t\t\t\t<\/div>\n\t\t\t\t\t\t\t\t<\/div>\n\t\t\t\t<\/div>\n\t\t\t\t\t<\/div>\n\t\t<\/div>\n\t\t\t\t\t<\/div>\n\t\t<\/section>\n\t\t\t\t<\/div>\n\t\t","protected":false},"excerpt":{"rendered":"<p>CREATION DE LUMINAIRES &#038; D&rsquo;OBJETS DECO EXCLUSIFS EN BOIS FLOTTE, ECORCES ET VERRE. VOIR TOUS LES STYLES DE CREATIONS<\/p>\n","protected":false},"author":1,"featured_media":0,"parent":0,"menu_order":0,"comment_status":"closed","ping_status":"closed","template":"","meta":{"ocean_post_layout":"","ocean_both_sidebars_style":"","ocean_both_sidebars_content_width":0,"ocean_both_sidebars_sidebars_width":0,"ocean_sidebar":"0","ocean_second_sidebar":"0","ocean_disable_margins":"enable","ocean_add_body_class":"","ocean_shortcode_before_top_bar":"","ocean_shortcode_after_top_bar":"","ocean_shortcode_before_header":"","ocean_shortcode_after_header":"","ocean_has_shortcode":"","ocean_shortcode_after_title":"","ocean_shortcode_before_footer_widgets":"","ocean_shortcode_after_footer_widgets":"","ocean_shortcode_before_footer_bottom":"","ocean_shortcode_after_footer_bottom":"","ocean_display_top_bar":"default","ocean_display_header":"default","ocean_header_style":"","ocean_center_header_left_menu":"0","ocean_custom_header_template":"0","ocean_custom_logo":0,"ocean_custom_retina_logo":0,"ocean_custom_logo_max_width":0,"ocean_custom_logo_tablet_max_width":0,"ocean_custom_logo_mobile_max_width":0,"ocean_custom_logo_max_height":0,"ocean_custom_logo_tablet_max_height":0,"ocean_custom_logo_mobile_max_height":0,"ocean_header_custom_menu":"0","ocean_menu_typo_font_family":"0","ocean_menu_typo_font_subset":"","ocean_menu_typo_font_size":0,"ocean_menu_typo_font_size_tablet":0,"ocean_menu_typo_font_size_mobile":0,"ocean_menu_typo_font_size_unit":"px","ocean_menu_typo_font_weight":"","ocean_menu_typo_font_weight_tablet":"","ocean_menu_typo_font_weight_mobile":"","ocean_menu_typo_transform":"","ocean_menu_typo_transform_tablet":"","ocean_menu_typo_transform_mobile":"","ocean_menu_typo_line_height":0,"ocean_menu_typo_line_height_tablet":0,"ocean_menu_typo_line_height_mobile":0,"ocean_menu_typo_line_height_unit":"","ocean_menu_typo_spacing":0,"ocean_menu_typo_spacing_tablet":0,"ocean_menu_typo_spacing_mobile":0,"ocean_menu_typo_spacing_unit":"","ocean_menu_link_color":"","ocean_menu_link_color_hover":"","ocean_menu_link_color_active":"","ocean_menu_link_background":"","ocean_menu_link_hover_background":"","ocean_menu_link_active_background":"","ocean_menu_social_links_bg":"","ocean_menu_social_hover_links_bg":"","ocean_menu_social_links_color":"","ocean_menu_social_hover_links_color":"","ocean_disable_title":"default","ocean_disable_heading":"default","ocean_post_title":"","ocean_post_subheading":"","ocean_post_title_style":"","ocean_post_title_background_color":"","ocean_post_title_background":0,"ocean_post_title_bg_image_position":"","ocean_post_title_bg_image_attachment":"","ocean_post_title_bg_image_repeat":"","ocean_post_title_bg_image_size":"","ocean_post_title_height":0,"ocean_post_title_bg_overlay":0.5,"ocean_post_title_bg_overlay_color":"","ocean_disable_breadcrumbs":"default","ocean_breadcrumbs_color":"","ocean_breadcrumbs_separator_color":"","ocean_breadcrumbs_links_color":"","ocean_breadcrumbs_links_hover_color":"","ocean_display_footer_widgets":"default","ocean_display_footer_bottom":"default","ocean_custom_footer_template":"0","footnotes":""},"class_list":["post-45","page","type-page","status-publish","hentry","entry"],"yoast_head":"<!-- This site is optimized with the Yoast SEO plugin v25.0 - https:\/\/yoast.com\/wordpress\/plugins\/seo\/ -->\n<title>ACCUEIL - akkart-decobois<\/title>\n<meta name=\"robots\" content=\"index, follow, max-snippet:-1, max-image-preview:large, max-video-preview:-1\" \/>\n<link rel=\"canonical\" href=\"https:\/\/akkart-decobois.com\/\" \/>\n<meta property=\"og:locale\" content=\"fr_FR\" \/>\n<meta property=\"og:type\" content=\"article\" \/>\n<meta property=\"og:title\" content=\"ACCUEIL - akkart-decobois\" \/>\n<meta property=\"og:description\" content=\"CREATION DE LUMINAIRES &#038; D&rsquo;OBJETS DECO EXCLUSIFS EN BOIS FLOTTE, ECORCES ET VERRE. VOIR TOUS LES STYLES DE CREATIONS\" \/>\n<meta property=\"og:url\" content=\"https:\/\/akkart-decobois.com\/\" \/>\n<meta property=\"og:site_name\" content=\"akkart-decobois\" \/>\n<meta property=\"article:publisher\" content=\"https:\/\/www.facebook.com\/bourrit.yanick\" \/>\n<meta property=\"article:modified_time\" content=\"2023-09-22T09:57:21+00:00\" \/>\n<meta property=\"og:image\" content=\"http:\/\/akkart-decobois.com\/wp-content\/uploads\/2023\/07\/LOGO-FOND-TRANSPARENT-SANS-DESIGN-BY-YKE-copie.png\" \/>\n<meta name=\"twitter:card\" content=\"summary_large_image\" \/>\n<script type=\"application\/ld+json\" class=\"yoast-schema-graph\">{\"@context\":\"https:\/\/schema.org\",\"@graph\":[{\"@type\":\"WebPage\",\"@id\":\"https:\/\/akkart-decobois.com\/\",\"url\":\"https:\/\/akkart-decobois.com\/\",\"name\":\"ACCUEIL - akkart-decobois\",\"isPartOf\":{\"@id\":\"https:\/\/akkart-decobois.com\/#website\"},\"primaryImageOfPage\":{\"@id\":\"https:\/\/akkart-decobois.com\/#primaryimage\"},\"image\":{\"@id\":\"https:\/\/akkart-decobois.com\/#primaryimage\"},\"thumbnailUrl\":\"http:\/\/akkart-decobois.com\/wp-content\/uploads\/2023\/07\/LOGO-FOND-TRANSPARENT-SANS-DESIGN-BY-YKE-copie.png\",\"datePublished\":\"2023-07-19T16:18:45+00:00\",\"dateModified\":\"2023-09-22T09:57:21+00:00\",\"breadcrumb\":{\"@id\":\"https:\/\/akkart-decobois.com\/#breadcrumb\"},\"inLanguage\":\"fr-FR\",\"potentialAction\":[{\"@type\":\"ReadAction\",\"target\":[\"https:\/\/akkart-decobois.com\/\"]}]},{\"@type\":\"ImageObject\",\"inLanguage\":\"fr-FR\",\"@id\":\"https:\/\/akkart-decobois.com\/#primaryimage\",\"url\":\"http:\/\/akkart-decobois.com\/wp-content\/uploads\/2023\/07\/LOGO-FOND-TRANSPARENT-SANS-DESIGN-BY-YKE-copie.png\",\"contentUrl\":\"http:\/\/akkart-decobois.com\/wp-content\/uploads\/2023\/07\/LOGO-FOND-TRANSPARENT-SANS-DESIGN-BY-YKE-copie.png\"},{\"@type\":\"BreadcrumbList\",\"@id\":\"https:\/\/akkart-decobois.com\/#breadcrumb\",\"itemListElement\":[{\"@type\":\"ListItem\",\"position\":1,\"name\":\"Accueil\",\"item\":\"https:\/\/akkart-decobois.com\/\"},{\"@type\":\"ListItem\",\"position\":2,\"name\":\"ACCUEIL\"}]},{\"@type\":\"WebSite\",\"@id\":\"https:\/\/akkart-decobois.com\/#website\",\"url\":\"https:\/\/akkart-decobois.com\/\",\"name\":\"www.akkart-decobois.com\",\"description\":\"D\u00e9corations exclusives sur bois flott\u00e9 et \u00e9corces\",\"publisher\":{\"@id\":\"https:\/\/akkart-decobois.com\/#\/schema\/person\/2a460772ed4dbfa460b4cd9b5c3df2ac\"},\"potentialAction\":[{\"@type\":\"SearchAction\",\"target\":{\"@type\":\"EntryPoint\",\"urlTemplate\":\"https:\/\/akkart-decobois.com\/?s={search_term_string}\"},\"query-input\":{\"@type\":\"PropertyValueSpecification\",\"valueRequired\":true,\"valueName\":\"search_term_string\"}}],\"inLanguage\":\"fr-FR\"},{\"@type\":[\"Person\",\"Organization\"],\"@id\":\"https:\/\/akkart-decobois.com\/#\/schema\/person\/2a460772ed4dbfa460b4cd9b5c3df2ac\",\"name\":\"admin9784\",\"image\":{\"@type\":\"ImageObject\",\"inLanguage\":\"fr-FR\",\"@id\":\"https:\/\/akkart-decobois.com\/#\/schema\/person\/image\/\",\"url\":\"https:\/\/akkart-decobois.com\/wp-content\/uploads\/2024\/01\/AKKART-TRANSPARENT.png\",\"contentUrl\":\"https:\/\/akkart-decobois.com\/wp-content\/uploads\/2024\/01\/AKKART-TRANSPARENT.png\",\"width\":2616,\"height\":1009,\"caption\":\"admin9784\"},\"logo\":{\"@id\":\"https:\/\/akkart-decobois.com\/#\/schema\/person\/image\/\"},\"description\":\"Bonjour j\u2019ai d\u00e9j\u00e0 eu une vie riche, remplie de folie et de folies\u2026 Maintenant, elle est d\u2019autant plus exaltante\u2026 C\u2019est parti : Parents g\u00e9niaux qui m\u2019ont inculqu\u00e9 le go\u00fbt de l\u2019Excellence \u00e0 tous les niveaux. Apr\u00e8s le bac D, Ecole d\u2019officiers \u00e0 l\u2019Arm\u00e9e, Club Med ****(4 saisons) comme GO ski nautique, puis 9 ans dans l\u2019informatique \u00e0 Paris, ensuite 20 ans aux Cara\u00efbes \u00e0 St-Martin, enfin directeur pendant 7 ans d\u2019un magnifique Ch\u00e2teau class\u00e9 Monument Historique dans les C\u00e9vennes proposant chambres et suites 4 * Luxe. Depuis 2 ans, j\u2019ai d\u00e9sormais le temps de me consacrer \u00e0 une de mes passions : travailler le bois, le verre et bien d\u2019autres choses en laissant libre cours \u00e0 mon imagination et celles de mes clients pour fa\u00e7onner des objets originaux et uniques. Le leitmotiv de cette vie d\u2019exp\u00e9riences et de rencontres hors-du-commun est : \u00ab Le d\u00e9tail fait l\u2019Excellence \u00bb\u2026 J\u2019ai une immense gratitude pour tous ces gens, plut\u00f4t ces personnages extras, qui partagent ou ont partag\u00e9 ma vie. Merci de votre attention bienveillante, je reste tout \u00e0 votre \u00e9coute.\",\"sameAs\":[\"https:\/\/www.akkart-decobois.com\",\"https:\/\/www.facebook.com\/bourrit.yanick\",\"https:\/\/www.instagram.com\/akkart_decobois\",\"https:\/\/www.linkedin.com\/in\/yanick-bourrit-9a107413\/\",\"https:\/\/www.pinterest.fr\/ykeone\/\",\"https:\/\/www.youtube.com\/channel\/UCprkkn3qxQDnsjCLkamrr4w\"]}]}<\/script>\n<!-- \/ Yoast SEO plugin. -->","yoast_head_json":{"title":"ACCUEIL - akkart-decobois","robots":{"index":"index","follow":"follow","max-snippet":"max-snippet:-1","max-image-preview":"max-image-preview:large","max-video-preview":"max-video-preview:-1"},"canonical":"https:\/\/akkart-decobois.com\/","og_locale":"fr_FR","og_type":"article","og_title":"ACCUEIL - akkart-decobois","og_description":"CREATION DE LUMINAIRES &#038; D&rsquo;OBJETS DECO EXCLUSIFS EN BOIS FLOTTE, ECORCES ET VERRE. VOIR TOUS LES STYLES DE CREATIONS","og_url":"https:\/\/akkart-decobois.com\/","og_site_name":"akkart-decobois","article_publisher":"https:\/\/www.facebook.com\/bourrit.yanick","article_modified_time":"2023-09-22T09:57:21+00:00","og_image":[{"url":"http:\/\/akkart-decobois.com\/wp-content\/uploads\/2023\/07\/LOGO-FOND-TRANSPARENT-SANS-DESIGN-BY-YKE-copie.png","type":"","width":"","height":""}],"twitter_card":"summary_large_image","schema":{"@context":"https:\/\/schema.org","@graph":[{"@type":"WebPage","@id":"https:\/\/akkart-decobois.com\/","url":"https:\/\/akkart-decobois.com\/","name":"ACCUEIL - akkart-decobois","isPartOf":{"@id":"https:\/\/akkart-decobois.com\/#website"},"primaryImageOfPage":{"@id":"https:\/\/akkart-decobois.com\/#primaryimage"},"image":{"@id":"https:\/\/akkart-decobois.com\/#primaryimage"},"thumbnailUrl":"http:\/\/akkart-decobois.com\/wp-content\/uploads\/2023\/07\/LOGO-FOND-TRANSPARENT-SANS-DESIGN-BY-YKE-copie.png","datePublished":"2023-07-19T16:18:45+00:00","dateModified":"2023-09-22T09:57:21+00:00","breadcrumb":{"@id":"https:\/\/akkart-decobois.com\/#breadcrumb"},"inLanguage":"fr-FR","potentialAction":[{"@type":"ReadAction","target":["https:\/\/akkart-decobois.com\/"]}]},{"@type":"ImageObject","inLanguage":"fr-FR","@id":"https:\/\/akkart-decobois.com\/#primaryimage","url":"http:\/\/akkart-decobois.com\/wp-content\/uploads\/2023\/07\/LOGO-FOND-TRANSPARENT-SANS-DESIGN-BY-YKE-copie.png","contentUrl":"http:\/\/akkart-decobois.com\/wp-content\/uploads\/2023\/07\/LOGO-FOND-TRANSPARENT-SANS-DESIGN-BY-YKE-copie.png"},{"@type":"BreadcrumbList","@id":"https:\/\/akkart-decobois.com\/#breadcrumb","itemListElement":[{"@type":"ListItem","position":1,"name":"Accueil","item":"https:\/\/akkart-decobois.com\/"},{"@type":"ListItem","position":2,"name":"ACCUEIL"}]},{"@type":"WebSite","@id":"https:\/\/akkart-decobois.com\/#website","url":"https:\/\/akkart-decobois.com\/","name":"www.akkart-decobois.com","description":"D\u00e9corations exclusives sur bois flott\u00e9 et \u00e9corces","publisher":{"@id":"https:\/\/akkart-decobois.com\/#\/schema\/person\/2a460772ed4dbfa460b4cd9b5c3df2ac"},"potentialAction":[{"@type":"SearchAction","target":{"@type":"EntryPoint","urlTemplate":"https:\/\/akkart-decobois.com\/?s={search_term_string}"},"query-input":{"@type":"PropertyValueSpecification","valueRequired":true,"valueName":"search_term_string"}}],"inLanguage":"fr-FR"},{"@type":["Person","Organization"],"@id":"https:\/\/akkart-decobois.com\/#\/schema\/person\/2a460772ed4dbfa460b4cd9b5c3df2ac","name":"admin9784","image":{"@type":"ImageObject","inLanguage":"fr-FR","@id":"https:\/\/akkart-decobois.com\/#\/schema\/person\/image\/","url":"https:\/\/akkart-decobois.com\/wp-content\/uploads\/2024\/01\/AKKART-TRANSPARENT.png","contentUrl":"https:\/\/akkart-decobois.com\/wp-content\/uploads\/2024\/01\/AKKART-TRANSPARENT.png","width":2616,"height":1009,"caption":"admin9784"},"logo":{"@id":"https:\/\/akkart-decobois.com\/#\/schema\/person\/image\/"},"description":"Bonjour j\u2019ai d\u00e9j\u00e0 eu une vie riche, remplie de folie et de folies\u2026 Maintenant, elle est d\u2019autant plus exaltante\u2026 C\u2019est parti : Parents g\u00e9niaux qui m\u2019ont inculqu\u00e9 le go\u00fbt de l\u2019Excellence \u00e0 tous les niveaux. Apr\u00e8s le bac D, Ecole d\u2019officiers \u00e0 l\u2019Arm\u00e9e, Club Med ****(4 saisons) comme GO ski nautique, puis 9 ans dans l\u2019informatique \u00e0 Paris, ensuite 20 ans aux Cara\u00efbes \u00e0 St-Martin, enfin directeur pendant 7 ans d\u2019un magnifique Ch\u00e2teau class\u00e9 Monument Historique dans les C\u00e9vennes proposant chambres et suites 4 * Luxe. Depuis 2 ans, j\u2019ai d\u00e9sormais le temps de me consacrer \u00e0 une de mes passions : travailler le bois, le verre et bien d\u2019autres choses en laissant libre cours \u00e0 mon imagination et celles de mes clients pour fa\u00e7onner des objets originaux et uniques. Le leitmotiv de cette vie d\u2019exp\u00e9riences et de rencontres hors-du-commun est : \u00ab Le d\u00e9tail fait l\u2019Excellence \u00bb\u2026 J\u2019ai une immense gratitude pour tous ces gens, plut\u00f4t ces personnages extras, qui partagent ou ont partag\u00e9 ma vie. Merci de votre attention bienveillante, je reste tout \u00e0 votre \u00e9coute.","sameAs":["https:\/\/www.akkart-decobois.com","https:\/\/www.facebook.com\/bourrit.yanick","https:\/\/www.instagram.com\/akkart_decobois","https:\/\/www.linkedin.com\/in\/yanick-bourrit-9a107413\/","https:\/\/www.pinterest.fr\/ykeone\/","https:\/\/www.youtube.com\/channel\/UCprkkn3qxQDnsjCLkamrr4w"]}]}},"jetpack_sharing_enabled":true,"_links":{"self":[{"href":"https:\/\/akkart-decobois.com\/index.php\/wp-json\/wp\/v2\/pages\/45","targetHints":{"allow":["GET"]}}],"collection":[{"href":"https:\/\/akkart-decobois.com\/index.php\/wp-json\/wp\/v2\/pages"}],"about":[{"href":"https:\/\/akkart-decobois.com\/index.php\/wp-json\/wp\/v2\/types\/page"}],"author":[{"embeddable":true,"href":"https:\/\/akkart-decobois.com\/index.php\/wp-json\/wp\/v2\/users\/1"}],"replies":[{"embeddable":true,"href":"https:\/\/akkart-decobois.com\/index.php\/wp-json\/wp\/v2\/comments?post=45"}],"version-history":[{"count":122,"href":"https:\/\/akkart-decobois.com\/index.php\/wp-json\/wp\/v2\/pages\/45\/revisions"}],"predecessor-version":[{"id":2724,"href":"https:\/\/akkart-decobois.com\/index.php\/wp-json\/wp\/v2\/pages\/45\/revisions\/2724"}],"wp:attachment":[{"href":"https:\/\/akkart-decobois.com\/index.php\/wp-json\/wp\/v2\/media?parent=45"}],"curies":[{"name":"wp","href":"https:\/\/api.w.org\/{rel}","templated":true}]}}